{"id":459,"date":"2026-04-05T03:23:09","date_gmt":"2026-04-05T01:23:09","guid":{"rendered":"https:\/\/dorsainvils.btsinfo82.fr\/?page_id=459"},"modified":"2026-04-11T02:10:01","modified_gmt":"2026-04-11T00:10:01","slug":"portfolio","status":"publish","type":"page","link":"https:\/\/dorsainvils.btsinfo82.fr\/","title":{"rendered":"portfolio"},"content":{"rendered":"\t\t<div data-elementor-type=\"wp-page\" data-elementor-id=\"459\" class=\"elementor elementor-459\">\n\t\t\t\t<div class=\"elementor-element elementor-element-dc24623 e-flex e-con-boxed e-con e-parent\" data-id=\"dc24623\" data-element_type=\"container\" data-e-type=\"container\">\n\t\t\t\t\t<div class=\"e-con-inner\">\n\t\t\t\t<div class=\"elementor-element elementor-element-f097bed elementor-widget__width-inherit elementor-absolute elementor-widget elementor-widget-pf_portfolio_full\" data-id=\"f097bed\" data-element_type=\"widget\" data-e-type=\"widget\" data-settings=\"{&quot;_position&quot;:&quot;absolute&quot;}\" data-widget_type=\"pf_portfolio_full.default\">\n\t\t\t\t<div class=\"elementor-widget-container\">\n\t\t\t\t\t<div class=\"pf-portfolio-full\">\n  <nav class=\"navbar\" id=\"navbar\">\n    <div class=\"nav-container\">\n      <a href=\"#accueil\" class=\"nav-logo\">Mon Portfolio<\/a>\n      <div class=\"nav-links\" id=\"navLinks\">\n        <a href=\"#accueil\">Accueil<\/a>\n        <a href=\"#competences\">Comp\u00e9tences<\/a>\n        <a href=\"#projets\">Projets<\/a>\n        <a href=\"#contact\">Contact<\/a>\n      <\/div>\n      <a href=\"https:\/\/dorsainvils.btsinfo82.fr\/wp-content\/uploads\/2026\/04\/CV-STEVENS-DORSAINVIL.pdf-7-1.pdf\" download class=\"btn btn-primary btn-sm\">\n        <svg xmlns=\"http:\/\/www.w3.org\/2000\/svg\" width=\"16\" height=\"16\" viewBox=\"0 0 24 24\" fill=\"none\" stroke=\"currentColor\" stroke-width=\"2\" stroke-linecap=\"round\" stroke-linejoin=\"round\"><path d=\"M21 15v4a2 2 0 0 1-2 2H5a2 2 0 0 1-2-2v-4\"\/><polyline points=\"7 10 12 15 17 10\"\/><line x1=\"12\" y1=\"15\" x2=\"12\" y2=\"3\"\/><\/svg>\n        Mon CV      <\/a>\n      <button class=\"menu-toggle\" id=\"menuToggle\" type=\"button\" aria-label=\"Menu\">\n        <span><\/span><span><\/span><span><\/span>\n      <\/button>\n    <\/div>\n  <\/nav>\n\n  <section id=\"accueil\" class=\"hero\">\n    <div class=\"container hero-content\">\n              <img decoding=\"async\" src=\"https:\/\/dorsainvils.btsinfo82.fr\/wp-content\/uploads\/2026\/04\/83DE192C-E4F6-4053-997C-61AFEB32A24F_11zon.png\" alt=\"\" class=\"hero-photo\" loading=\"lazy\" \/>\n            <span class=\"badge\">technicien syst\u00e8mes et r\u00e9seaux<\/span>\n      <h1>Bonjour, je suis <span class=\"text-primary\">DORSAINVIL Stevens<\/span><\/h1>\n      <p class=\"hero-desc\">Passionn\u00e9 par les syst\u00e8mes et r\u00e9seaux, j\u2019assure la mise en place, la maintenance et la s\u00e9curisation d\u2019infrastructures informatiques fiables et performantes. Mon objectif : garantir la disponibilit\u00e9 des services, optimiser les environnements techniques et offrir un support efficace aux utilisateurs pour renforcer leur productivit\u00e9.<br \/>\n<\/p>\n      <div class=\"hero-actions\">\n        <a href=\"https:\/\/dorsainvils.btsinfo82.fr\/wp-content\/uploads\/2026\/04\/CV-STEVENS-DORSAINVIL.pdf-7-1.pdf\" download class=\"btn btn-primary btn-lg\">\n          <svg xmlns=\"http:\/\/www.w3.org\/2000\/svg\" width=\"20\" height=\"20\" viewBox=\"0 0 24 24\" fill=\"none\" stroke=\"currentColor\" stroke-width=\"2\" stroke-linecap=\"round\" stroke-linejoin=\"round\"><path d=\"M21 15v4a2 2 0 0 1-2 2H5a2 2 0 0 1-2-2v-4\"\/><polyline points=\"7 10 12 15 17 10\"\/><line x1=\"12\" y1=\"15\" x2=\"12\" y2=\"3\"\/><\/svg>\n          T\u00e9l\u00e9charger mon CV        <\/a>\n        <a href=\"#projets\" class=\"btn btn-outline btn-lg\">\n          Voir mes projets          <svg xmlns=\"http:\/\/www.w3.org\/2000\/svg\" width=\"20\" height=\"20\" viewBox=\"0 0 24 24\" fill=\"none\" stroke=\"currentColor\" stroke-width=\"2\" stroke-linecap=\"round\" stroke-linejoin=\"round\"><line x1=\"5\" y1=\"12\" x2=\"19\" y2=\"12\"\/><polyline points=\"12 5 19 12 12 19\"\/><\/svg>\n        <\/a>\n      <\/div>\n    <\/div>\n  <\/section>\n\n  <section id=\"competences\" class=\"section section-alt\">\n    <div class=\"container\">\n      <div class=\"section-header\">\n        <h2>Mes <span class=\"text-primary\">Comp\u00e9tences<\/span><\/h2>\n        <p>Les technologies et outils que je ma\u00eetrise pour r\u00e9aliser ces projets.<\/p>\n      <\/div>\n      <div class=\"grid grid-3\">\n                <div class=\"card skill-card\" data-animate>\n          <div class=\"skill-icon\">\n            \ud83d\udd27          <\/div>\n          <span class=\"skill-name\">Syst\u00e8mes d\u2019exploitation (Windows \/ Linux)<\/span>\n          <div class=\"progress-bar\"><div class=\"progress-fill\" data-level=\"90\"><\/div><\/div>\n          <span class=\"skill-percent\">90%<\/span>\n        <\/div>\n                <div class=\"card skill-card\" data-animate>\n          <div class=\"skill-icon\">\n            \ud83c\udf10           <\/div>\n          <span class=\"skill-name\">Administration R\u00e9seau (TCP\/IP, DHCP, DNS, VLAN)<\/span>\n          <div class=\"progress-bar\"><div class=\"progress-fill\" data-level=\"85\"><\/div><\/div>\n          <span class=\"skill-percent\">85%<\/span>\n        <\/div>\n                <div class=\"card skill-card\" data-animate>\n          <div class=\"skill-icon\">\n            \ud83d\udda7          <\/div>\n          <span class=\"skill-name\">Configuration &amp; Maintenance Mat\u00e9rielle (switches, routeurs, WiFi)<\/span>\n          <div class=\"progress-bar\"><div class=\"progress-fill\" data-level=\"80\"><\/div><\/div>\n          <span class=\"skill-percent\">80%<\/span>\n        <\/div>\n                <div class=\"card skill-card\" data-animate>\n          <div class=\"skill-icon\">\n            \ud83c\udf10          <\/div>\n          <span class=\"skill-name\">WordPress \/ PHP<\/span>\n          <div class=\"progress-bar\"><div class=\"progress-fill\" data-level=\"75\"><\/div><\/div>\n          <span class=\"skill-percent\">75%<\/span>\n        <\/div>\n                <div class=\"card skill-card\" data-animate>\n          <div class=\"skill-icon\">\n            \ud83d\udee1\ufe0f          <\/div>\n          <span class=\"skill-name\">S\u00e9curit\u00e9 Informatique (pare-feu, sauvegardes, durcissement)<\/span>\n          <div class=\"progress-bar\"><div class=\"progress-fill\" data-level=\"70\"><\/div><\/div>\n          <span class=\"skill-percent\">70%<\/span>\n        <\/div>\n                <div class=\"card skill-card\" data-animate>\n          <div class=\"skill-icon\">\n            \ud83d\udcac          <\/div>\n          <span class=\"skill-name\">Support Technique &amp; D\u00e9pannage Utilisateurs<\/span>\n          <div class=\"progress-bar\"><div class=\"progress-fill\" data-level=\"80\"><\/div><\/div>\n          <span class=\"skill-percent\">80%<\/span>\n        <\/div>\n              <\/div>\n    <\/div>\n  <\/section>\n\n  <section id=\"projets\" class=\"section\">\n    <div class=\"container\">\n      <div class=\"section-header\">\n        <h2>Mes <span class=\"text-primary\">Projets<\/span><\/h2>\n        <p>D\u00e9couvrez quelques-unes de mes r\u00e9alisations r\u00e9centes.<\/p>\n      <\/div>\n      <div class=\"grid grid-3\">\n                <div class=\"card project-card\" data-animate>\n                      <img decoding=\"async\" src=\"https:\/\/dorsainvils.btsinfo82.fr\/wp-content\/uploads\/2026\/04\/20d9c501-4f20-45fe-95e2-40614a9625b8.jpeg\" alt=\"\" class=\"project-img\" loading=\"lazy\" \/>\n                    <div class=\"project-body\">\n            <h3>AP1-Cr\u00e9ation d\u2019un site web pour oceania<\/h3>\n            <p>ans le cadre du projet AP1, j\u2019ai r\u00e9alis\u00e9 un site web vitrine complet pour l\u2019entreprise Oceania afin d\u2019am\u00e9liorer sa visibilit\u00e9 en ligne et pr\u00e9senter clairement ses services..<\/p>\n            <div class=\"tags\"><span class=\"tag\">WordPress<\/span><\/div>\n            <a class=\"project-link\" href=\"https:\/\/dorsainvils.btsinfo82.fr\/wp-content\/uploads\/2026\/03\/Document-tp-contengut-Dorsainvil-1.pdf\"\n             target=\"_blank\" rel=\"noopener noreferrer\">\n              Voir le PDF              <svg xmlns=\"http:\/\/www.w3.org\/2000\/svg\" width=\"16\" height=\"16\" viewBox=\"0 0 24 24\" fill=\"none\" stroke=\"currentColor\" stroke-width=\"2\" stroke-linecap=\"round\" stroke-linejoin=\"round\"><path d=\"M18 13v6a2 2 0 0 1-2 2H5a2 2 0 0 1-2-2V8a2 2 0 0 1 2-2h6\"\/><polyline points=\"15 3 21 3 21 9\"\/><line x1=\"10\" y1=\"14\" x2=\"21\" y2=\"3\"\/><\/svg>\n            <\/a>\n          <\/div>\n        <\/div>\n                <div class=\"card project-card\" data-animate>\n                      <img decoding=\"async\" src=\"https:\/\/dorsainvils.btsinfo82.fr\/wp-content\/uploads\/2026\/04\/09f65048-0cb3-46ad-9580-06b0f96f8f62.jpeg\" alt=\"\" class=\"project-img\" loading=\"lazy\" \/>\n                    <div class=\"project-body\">\n            <h3>AP2 \u2013 cr\u00e9ation d\u2019un serveur WordPress pour les portfolios<\/h3>\n            <p>Dans le cadre de l\u2019AP2, j\u2019ai mis en place un serveur WordPress permettant \u00e0 l\u2019ensemble de la promotion de cr\u00e9er et h\u00e9berger leurs portfolios.<\/p>\n            <div class=\"tags\"><span class=\"tag\">WordPress<\/span><span class=\"tag\">Linux \/ Apache<\/span><span class=\"tag\">Serveur Web<\/span><\/div>\n            <a class=\"project-link\" href=\"https:\/\/dorsainvils.btsinfo82.fr\/wp-content\/uploads\/2026\/03\/Documentation-Technique-AP2-1.pdf\"\n            >\n              Voir le PDF              <svg xmlns=\"http:\/\/www.w3.org\/2000\/svg\" width=\"16\" height=\"16\" viewBox=\"0 0 24 24\" fill=\"none\" stroke=\"currentColor\" stroke-width=\"2\" stroke-linecap=\"round\" stroke-linejoin=\"round\"><path d=\"M18 13v6a2 2 0 0 1-2 2H5a2 2 0 0 1-2-2V8a2 2 0 0 1 2-2h6\"\/><polyline points=\"15 3 21 3 21 9\"\/><line x1=\"10\" y1=\"14\" x2=\"21\" y2=\"3\"\/><\/svg>\n            <\/a>\n          <\/div>\n        <\/div>\n                <div class=\"card project-card\" data-animate>\n                      <img decoding=\"async\" src=\"https:\/\/dorsainvils.btsinfo82.fr\/wp-content\/uploads\/2026\/04\/6f83f910-67db-4a74-971c-a7ffd9565827.jpeg\" alt=\"\" class=\"project-img\" loading=\"lazy\" \/>\n                    <div class=\"project-body\">\n            <h3>AP3-Environnement Active Directory pour Sala\u00fcn<\/h3>\n            <p>Mise en place d\u2019un environnement Active Directory complet pour l\u2019entreprise Sala\u00fcn afin de centraliser la gestion des utilisateurs et des ressources.<\/p>\n            <div class=\"tags\"><span class=\"tag\">Active Directory<\/span><span class=\"tag\">Windows Server<\/span><span class=\"tag\">Administration syst\u00e8mes<\/span><\/div>\n            <a class=\"project-link\" href=\"https:\/\/monsite.fr\/pdf\/site-recettes-cuisine.pdf%20target=\"\n            >\n              Voir le PDF              <svg xmlns=\"http:\/\/www.w3.org\/2000\/svg\" width=\"16\" height=\"16\" viewBox=\"0 0 24 24\" fill=\"none\" stroke=\"currentColor\" stroke-width=\"2\" stroke-linecap=\"round\" stroke-linejoin=\"round\"><path d=\"M18 13v6a2 2 0 0 1-2 2H5a2 2 0 0 1-2-2V8a2 2 0 0 1 2-2h6\"\/><polyline points=\"15 3 21 3 21 9\"\/><line x1=\"10\" y1=\"14\" x2=\"21\" y2=\"3\"\/><\/svg>\n            <\/a>\n          <\/div>\n        <\/div>\n              <\/div>\n      <div class=\"section-cta\">\n        <a href=\"https:\/\/dorsainvils.btsinfo82.fr\/index.php\/projet\/\" class=\"btn btn-primary btn-lg\">\n          Voir tous mes projets          <svg xmlns=\"http:\/\/www.w3.org\/2000\/svg\" width=\"20\" height=\"20\" viewBox=\"0 0 24 24\" fill=\"none\" stroke=\"currentColor\" stroke-width=\"2\" stroke-linecap=\"round\" stroke-linejoin=\"round\"><line x1=\"5\" y1=\"12\" x2=\"19\" y2=\"12\"\/><polyline points=\"12 5 19 12 12 19\"\/><\/svg>\n        <\/a>\n      <\/div>\n    <\/div>\n  <\/section>\n\n  <section id=\"contact\" class=\"section section-alt\">\n    <div class=\"container text-center\">\n      <h2>Me <span class=\"text-primary\">Contacter<\/span><\/h2>\n      <p class=\"section-desc\">Vous avez un projet ? N&#039;h\u00e9sitez pas \u00e0 me contacter.<\/p>\n      <div class=\"social-links\">\n        <a href=\"mailto:dorsainvil.stevens034@email.com\" class=\"social-icon\" aria-label=\"Email\">\n          <svg xmlns=\"http:\/\/www.w3.org\/2000\/svg\" width=\"20\" height=\"20\" viewBox=\"0 0 24 24\" fill=\"none\" stroke=\"currentColor\" stroke-width=\"2\" stroke-linecap=\"round\" stroke-linejoin=\"round\"><path d=\"M4 4h16c1.1 0 2 .9 2 2v12c0 1.1-.9 2-2 2H4c-1.1 0-2-.9-2-2V6c0-1.1.9-2 2-2z\"\/><polyline points=\"22,6 12,13 2,6\"\/><\/svg>\n        <\/a>\n        <a href=\"http:\/\/www.linkedin.com\/in\/stevens-dorsainvil-788985345\" target=\"_blank\" class=\"social-icon\" rel=\"noopener noreferrer\" aria-label=\"LinkedIn\">\n          <svg xmlns=\"http:\/\/www.w3.org\/2000\/svg\" width=\"20\" height=\"20\" viewBox=\"0 0 24 24\" fill=\"none\" stroke=\"currentColor\" stroke-width=\"2\" stroke-linecap=\"round\" stroke-linejoin=\"round\"><path d=\"M16 8a6 6 0 0 1 6 6v7h-4v-7a2 2 0 0 0-2-2 2 2 0 0 0-2 2v7h-4v-7a6 6 0 0 1 6-6z\"\/><rect x=\"2\" y=\"9\" width=\"4\" height=\"12\"\/><circle cx=\"4\" cy=\"4\" r=\"2\"\/><\/svg>\n        <\/a>\n        <a href=\"#\" target=\"_blank\" class=\"social-icon\" rel=\"noopener noreferrer\" aria-label=\"GitHub\">\n          <svg xmlns=\"http:\/\/www.w3.org\/2000\/svg\" width=\"20\" height=\"20\" viewBox=\"0 0 24 24\" fill=\"none\" stroke=\"currentColor\" stroke-width=\"2\" stroke-linecap=\"round\" stroke-linejoin=\"round\"><path d=\"M9 19c-5 1.5-5-2.5-7-3m14 6v-3.87a3.37 3.37 0 0 0-.94-2.61c3.14-.35 6.44-1.54 6.44-7A5.44 5.44 0 0 0 20 4.77 5.07 5.07 0 0 0 19.91 1S18.73.65 16 2.48a13.38 13.38 0 0 0-7 0C6.27.65 5.09 1 5.09 1A5.07 5.07 0 0 0 5 4.77a5.44 5.44 0 0 0-1.5 3.78c0 5.42 3.3 6.61 6.44 7A3.37 3.37 0 0 0 9 18.13V22\"\/><\/svg>\n        <\/a>\n      <\/div>\n    <\/div>\n  <\/section>\n\n  <footer class=\"footer\">\n    <p>&copy; <span id=\"year\"><\/span> Dorsainvil. Tous droits r\u00e9serv\u00e9s.<\/p>\n  <\/footer>\n<\/div>\n        \t\t\t\t<\/div>\n\t\t\t\t<\/div>\n\t\t\t\t\t<\/div>\n\t\t\t\t<\/div>\n\t\t\t\t<\/div>\n\t\t","protected":false},"excerpt":{"rendered":"<p>Mon Portfolio Accueil Comp\u00e9tences Projets Contact Mon CV technicien syst\u00e8mes et r\u00e9seaux Bonjour, je suis DORSAINVIL Stevens Passionn\u00e9 par les syst\u00e8mes et r\u00e9seaux, j\u2019assure la mise en place, la maintenance et la s\u00e9curisation d\u2019infrastructures informatiques fiables et performantes. Mon objectif : garantir la disponibilit\u00e9 des services, optimiser les environnements techniques et offrir un support efficace [&hellip;]<\/p>\n","protected":false},"author":1,"featured_media":0,"parent":0,"menu_order":0,"comment_status":"closed","ping_status":"closed","template":"","meta":{"footnotes":""},"class_list":["post-459","page","type-page","status-publish","hentry"],"_links":{"self":[{"href":"https:\/\/dorsainvils.btsinfo82.fr\/index.php\/wp-json\/wp\/v2\/pages\/459","targetHints":{"allow":["GET"]}}],"collection":[{"href":"https:\/\/dorsainvils.btsinfo82.fr\/index.php\/wp-json\/wp\/v2\/pages"}],"about":[{"href":"https:\/\/dorsainvils.btsinfo82.fr\/index.php\/wp-json\/wp\/v2\/types\/page"}],"author":[{"embeddable":true,"href":"https:\/\/dorsainvils.btsinfo82.fr\/index.php\/wp-json\/wp\/v2\/users\/1"}],"replies":[{"embeddable":true,"href":"https:\/\/dorsainvils.btsinfo82.fr\/index.php\/wp-json\/wp\/v2\/comments?post=459"}],"version-history":[{"count":37,"href":"https:\/\/dorsainvils.btsinfo82.fr\/index.php\/wp-json\/wp\/v2\/pages\/459\/revisions"}],"predecessor-version":[{"id":551,"href":"https:\/\/dorsainvils.btsinfo82.fr\/index.php\/wp-json\/wp\/v2\/pages\/459\/revisions\/551"}],"wp:attachment":[{"href":"https:\/\/dorsainvils.btsinfo82.fr\/index.php\/wp-json\/wp\/v2\/media?parent=459"}],"curies":[{"name":"wp","href":"https:\/\/api.w.org\/{rel}","templated":true}]}}