{"id":528,"date":"2026-04-11T01:34:38","date_gmt":"2026-04-10T23:34:38","guid":{"rendered":"https:\/\/dorsainvils.btsinfo82.fr\/?page_id=528"},"modified":"2026-04-11T02:11:20","modified_gmt":"2026-04-11T00:11:20","slug":"projet","status":"publish","type":"page","link":"https:\/\/dorsainvils.btsinfo82.fr\/index.php\/projet\/","title":{"rendered":"projet"},"content":{"rendered":"\t\t<div data-elementor-type=\"wp-page\" data-elementor-id=\"528\" class=\"elementor elementor-528\">\n\t\t\t\t<div class=\"elementor-element elementor-element-a7d7c6a e-flex e-con-boxed e-con e-parent\" data-id=\"a7d7c6a\" data-element_type=\"container\" data-e-type=\"container\">\n\t\t\t\t\t<div class=\"e-con-inner\">\n\t\t\t\t<div class=\"elementor-element elementor-element-2a7e836 elementor-widget__width-inherit elementor-absolute elementor-widget elementor-widget-stivo_projects_grid\" data-id=\"2a7e836\" data-element_type=\"widget\" data-e-type=\"widget\" data-settings=\"{&quot;_position&quot;:&quot;absolute&quot;}\" data-widget_type=\"stivo_projects_grid.default\">\n\t\t\t\t<div class=\"elementor-widget-container\">\n\t\t\t\t\t\t\t<div class=\"stivo-main-wrapper\">\n\t\t\t\n\t\t\t\n\t\t\t<main class=\"stivo-main-content\">\n\t\t\t\t<div class=\"stivo-section-header\">\n\t\t\t\t\t<h2>\n\t\t\t\t\t\tMes \n\t\t\t\t\t\t<span class=\"stivo-highlight\">Projets<\/span>\n\t\t\t\t\t<\/h2>\n\t\t\t\t\t\t\t\t\t\t\t<p>Retrouvez ici l&#039;ensemble de mes r\u00e9alisations. Chaque projet est accompagn\u00e9 de sa documentation PDF compl\u00e8te.<\/p>\n\t\t\t\t\t\t\t\t\t<\/div>\n\t\t\t\t\n\t\t\t\t<div class=\"stivo-projects-grid\">\n\t\t\t\t\t\t\t\t\t\t\t<div class=\"stivo-project-card\">\n\t\t\t\t\t\t\t<div class=\"stivo-card-icon\"><svg xmlns=\"http:\/\/www.w3.org\/2000\/svg\" width=\"24\" height=\"24\" viewBox=\"0 0 24 24\" fill=\"none\" stroke=\"currentColor\" stroke-width=\"2\" stroke-linecap=\"round\" stroke-linejoin=\"round\"><path d=\"M15 2H6a2 2 0 0 0-2 2v16a2 2 0 0 0 2 2h12a2 2 0 0 0 2-2V7Z\"\/><path d=\"M14 2v4a2 2 0 0 0 2 2h4\"\/><path d=\"M10 9H8\"\/><path d=\"M16 13H8\"\/><path d=\"M16 17H8\"\/><\/svg><\/div>\n\t\t\t\t\t\t\t<h3 class=\"stivo-card-title\">AP1-Cr\u00e9ation d\u2019un site web pour oceania<\/h3>\n\t\t\t\t\t\t\t<p class=\"stivo-card-description\">ans le cadre du projet AP1, j\u2019ai r\u00e9alis\u00e9 un site web vitrine complet pour l\u2019entreprise Oceania afin d\u2019am\u00e9liorer sa visibilit\u00e9 en ligne et pr\u00e9senter clairement ses services..<\/p>\n\t\t\t\t\t\t\t\n\t\t\t\t\t\t\t\t\t\t\t\t\t\t\t<div class=\"stivo-card-tags\">\n\t\t\t\t\t\t\t\t\t\t\t\t\t\t\t\t\t\t\t<span class=\"stivo-tag\">WordPress<\/span>\n\t\t\t\t\t\t\t\t\t\t\t\t\t\t\t\t\t<\/div>\n\t\t\t\t\t\t\t\t\t\t\t\t\t\t\n\t\t\t\t\t\t\t<a class=\"stivo-card-link\" href=\"https:\/\/dorsainvils.btsinfo82.fr\/wp-content\/uploads\/2026\/03\/Document-tp-contengut-Dorsainvil-1.pdf\">\n\t\t\t\t\t\t\t\tVoir le PDF <svg xmlns=\"http:\/\/www.w3.org\/2000\/svg\" width=\"16\" height=\"16\" viewBox=\"0 0 24 24\" fill=\"none\" stroke=\"currentColor\" stroke-width=\"2\" stroke-linecap=\"round\" stroke-linejoin=\"round\"><path d=\"M15 3h6v6\"\/><path d=\"M10 14 21 3\"\/><path d=\"M18 13v6a2 2 0 0 1-2 2H5a2 2 0 0 1-2-2V8a2 2 0 0 1 2-2h6\"\/><\/svg>\t\t\t\t\t\t\t<\/a>\n\t\t\t\t\t\t<\/div>\n\t\t\t\t\t\t\t\t\t\t\t<div class=\"stivo-project-card\">\n\t\t\t\t\t\t\t<div class=\"stivo-card-icon\"><svg xmlns=\"http:\/\/www.w3.org\/2000\/svg\" width=\"24\" height=\"24\" viewBox=\"0 0 24 24\" fill=\"none\" stroke=\"currentColor\" stroke-width=\"2\" stroke-linecap=\"round\" stroke-linejoin=\"round\"><path d=\"M15 2H6a2 2 0 0 0-2 2v16a2 2 0 0 0 2 2h12a2 2 0 0 0 2-2V7Z\"\/><path d=\"M14 2v4a2 2 0 0 0 2 2h4\"\/><path d=\"M10 9H8\"\/><path d=\"M16 13H8\"\/><path d=\"M16 17H8\"\/><\/svg><\/div>\n\t\t\t\t\t\t\t<h3 class=\"stivo-card-title\">AP2 \u2013 cr\u00e9ation d\u2019un serveur WordPress pour les portfolios<\/h3>\n\t\t\t\t\t\t\t<p class=\"stivo-card-description\">Dans le cadre de l\u2019AP2, j\u2019ai mis en place un serveur WordPress permettant \u00e0 l\u2019ensemble de la promotion de cr\u00e9er et h\u00e9berger leurs portfolios.<\/p>\n\t\t\t\t\t\t\t\n\t\t\t\t\t\t\t\t\t\t\t\t\t\t\t<div class=\"stivo-card-tags\">\n\t\t\t\t\t\t\t\t\t\t\t\t\t\t\t\t\t\t\t<span class=\"stivo-tag\">WordPress<\/span>\n\t\t\t\t\t\t\t\t\t\t\t\t\t\t\t\t\t\t\t<span class=\"stivo-tag\">Linux \/ Apache<\/span>\n\t\t\t\t\t\t\t\t\t\t\t\t\t\t\t\t\t\t\t<span class=\"stivo-tag\">Serveur Web<\/span>\n\t\t\t\t\t\t\t\t\t\t\t\t\t\t\t\t\t<\/div>\n\t\t\t\t\t\t\t\t\t\t\t\t\t\t\n\t\t\t\t\t\t\t<a class=\"stivo-card-link\" href=\"https:\/\/dorsainvils.btsinfo82.fr\/wp-content\/uploads\/2026\/03\/Documentation-Technique-AP2-1.pdf\">\n\t\t\t\t\t\t\t\tVoir le PDF <svg xmlns=\"http:\/\/www.w3.org\/2000\/svg\" width=\"16\" height=\"16\" viewBox=\"0 0 24 24\" fill=\"none\" stroke=\"currentColor\" stroke-width=\"2\" stroke-linecap=\"round\" stroke-linejoin=\"round\"><path d=\"M15 3h6v6\"\/><path d=\"M10 14 21 3\"\/><path d=\"M18 13v6a2 2 0 0 1-2 2H5a2 2 0 0 1-2-2V8a2 2 0 0 1 2-2h6\"\/><\/svg>\t\t\t\t\t\t\t<\/a>\n\t\t\t\t\t\t<\/div>\n\t\t\t\t\t\t\t\t\t\t\t<div class=\"stivo-project-card\">\n\t\t\t\t\t\t\t<div class=\"stivo-card-icon\"><svg xmlns=\"http:\/\/www.w3.org\/2000\/svg\" width=\"24\" height=\"24\" viewBox=\"0 0 24 24\" fill=\"none\" stroke=\"currentColor\" stroke-width=\"2\" stroke-linecap=\"round\" stroke-linejoin=\"round\"><path d=\"M15 2H6a2 2 0 0 0-2 2v16a2 2 0 0 0 2 2h12a2 2 0 0 0 2-2V7Z\"\/><path d=\"M14 2v4a2 2 0 0 0 2 2h4\"\/><path d=\"M10 9H8\"\/><path d=\"M16 13H8\"\/><path d=\"M16 17H8\"\/><\/svg><\/div>\n\t\t\t\t\t\t\t<h3 class=\"stivo-card-title\">Dashboard Analytics<\/h3>\n\t\t\t\t\t\t\t<p class=\"stivo-card-description\">Tableau de bord interactif pour la visualisation de donn\u00e9es en temps r\u00e9el.<\/p>\n\t\t\t\t\t\t\t\n\t\t\t\t\t\t\t\t\t\t\t\t\t\t\t<div class=\"stivo-card-tags\">\n\t\t\t\t\t\t\t\t\t\t\t\t\t\t\t\t\t\t\t<span class=\"stivo-tag\">Vue.js<\/span>\n\t\t\t\t\t\t\t\t\t\t\t\t\t\t\t\t\t\t\t<span class=\"stivo-tag\">D3.js<\/span>\n\t\t\t\t\t\t\t\t\t\t\t\t\t\t\t\t\t\t\t<span class=\"stivo-tag\">Python<\/span>\n\t\t\t\t\t\t\t\t\t\t\t\t\t\t\t\t\t<\/div>\n\t\t\t\t\t\t\t\t\t\t\t\t\t\t\n\t\t\t\t\t\t\t<a class=\"stivo-card-link\" href=\"#\">\n\t\t\t\t\t\t\t\tVoir le PDF <svg xmlns=\"http:\/\/www.w3.org\/2000\/svg\" width=\"16\" height=\"16\" viewBox=\"0 0 24 24\" fill=\"none\" stroke=\"currentColor\" stroke-width=\"2\" stroke-linecap=\"round\" stroke-linejoin=\"round\"><path d=\"M15 3h6v6\"\/><path d=\"M10 14 21 3\"\/><path d=\"M18 13v6a2 2 0 0 1-2 2H5a2 2 0 0 1-2-2V8a2 2 0 0 1 2-2h6\"\/><\/svg>\t\t\t\t\t\t\t<\/a>\n\t\t\t\t\t\t<\/div>\n\t\t\t\t\t\t\t\t\t\t\t<div class=\"stivo-project-card\">\n\t\t\t\t\t\t\t<div class=\"stivo-card-icon\"><svg xmlns=\"http:\/\/www.w3.org\/2000\/svg\" width=\"24\" height=\"24\" viewBox=\"0 0 24 24\" fill=\"none\" stroke=\"currentColor\" stroke-width=\"2\" stroke-linecap=\"round\" stroke-linejoin=\"round\"><path d=\"M15 2H6a2 2 0 0 0-2 2v16a2 2 0 0 0 2 2h12a2 2 0 0 0 2-2V7Z\"\/><path d=\"M14 2v4a2 2 0 0 0 2 2h4\"\/><path d=\"M10 9H8\"\/><path d=\"M16 13H8\"\/><path d=\"M16 17H8\"\/><\/svg><\/div>\n\t\t\t\t\t\t\t<h3 class=\"stivo-card-title\">Site Vitrine Restaurant<\/h3>\n\t\t\t\t\t\t\t<p class=\"stivo-card-description\">Site responsive avec r\u00e9servation en ligne et menu dynamique.<\/p>\n\t\t\t\t\t\t\t\n\t\t\t\t\t\t\t\t\t\t\t\t\t\t\t<div class=\"stivo-card-tags\">\n\t\t\t\t\t\t\t\t\t\t\t\t\t\t\t\t\t\t\t<span class=\"stivo-tag\">WordPress<\/span>\n\t\t\t\t\t\t\t\t\t\t\t\t\t\t\t\t\t\t\t<span class=\"stivo-tag\">PHP<\/span>\n\t\t\t\t\t\t\t\t\t\t\t\t\t\t\t\t\t\t\t<span class=\"stivo-tag\">MySQL<\/span>\n\t\t\t\t\t\t\t\t\t\t\t\t\t\t\t\t\t<\/div>\n\t\t\t\t\t\t\t\t\t\t\t\t\t\t\n\t\t\t\t\t\t\t<a class=\"stivo-card-link\" href=\"#\">\n\t\t\t\t\t\t\t\tVoir le PDF <svg xmlns=\"http:\/\/www.w3.org\/2000\/svg\" width=\"16\" height=\"16\" viewBox=\"0 0 24 24\" fill=\"none\" stroke=\"currentColor\" stroke-width=\"2\" stroke-linecap=\"round\" stroke-linejoin=\"round\"><path d=\"M15 3h6v6\"\/><path d=\"M10 14 21 3\"\/><path d=\"M18 13v6a2 2 0 0 1-2 2H5a2 2 0 0 1-2-2V8a2 2 0 0 1 2-2h6\"\/><\/svg>\t\t\t\t\t\t\t<\/a>\n\t\t\t\t\t\t<\/div>\n\t\t\t\t\t\t\t\t\t\t\t<div class=\"stivo-project-card\">\n\t\t\t\t\t\t\t<div class=\"stivo-card-icon\"><svg xmlns=\"http:\/\/www.w3.org\/2000\/svg\" width=\"24\" height=\"24\" viewBox=\"0 0 24 24\" fill=\"none\" stroke=\"currentColor\" stroke-width=\"2\" stroke-linecap=\"round\" stroke-linejoin=\"round\"><path d=\"M15 2H6a2 2 0 0 0-2 2v16a2 2 0 0 0 2 2h12a2 2 0 0 0 2-2V7Z\"\/><path d=\"M14 2v4a2 2 0 0 0 2 2h4\"\/><path d=\"M10 9H8\"\/><path d=\"M16 13H8\"\/><path d=\"M16 17H8\"\/><\/svg><\/div>\n\t\t\t\t\t\t\t<h3 class=\"stivo-card-title\">API REST Gestion Stock<\/h3>\n\t\t\t\t\t\t\t<p class=\"stivo-card-description\">API compl\u00e8te pour la gestion de stock avec authentification JWT.<\/p>\n\t\t\t\t\t\t\t\n\t\t\t\t\t\t\t\t\t\t\t\t\t\t\t<div class=\"stivo-card-tags\">\n\t\t\t\t\t\t\t\t\t\t\t\t\t\t\t\t\t\t\t<span class=\"stivo-tag\">Node.js<\/span>\n\t\t\t\t\t\t\t\t\t\t\t\t\t\t\t\t\t\t\t<span class=\"stivo-tag\">Express<\/span>\n\t\t\t\t\t\t\t\t\t\t\t\t\t\t\t\t\t\t\t<span class=\"stivo-tag\">PostgreSQL<\/span>\n\t\t\t\t\t\t\t\t\t\t\t\t\t\t\t\t\t<\/div>\n\t\t\t\t\t\t\t\t\t\t\t\t\t\t\n\t\t\t\t\t\t\t<a class=\"stivo-card-link\" href=\"#\">\n\t\t\t\t\t\t\t\tVoir le PDF <svg xmlns=\"http:\/\/www.w3.org\/2000\/svg\" width=\"16\" height=\"16\" viewBox=\"0 0 24 24\" fill=\"none\" stroke=\"currentColor\" stroke-width=\"2\" stroke-linecap=\"round\" stroke-linejoin=\"round\"><path d=\"M15 3h6v6\"\/><path d=\"M10 14 21 3\"\/><path d=\"M18 13v6a2 2 0 0 1-2 2H5a2 2 0 0 1-2-2V8a2 2 0 0 1 2-2h6\"\/><\/svg>\t\t\t\t\t\t\t<\/a>\n\t\t\t\t\t\t<\/div>\n\t\t\t\t\t\t\t\t\t\t\t<div class=\"stivo-project-card\">\n\t\t\t\t\t\t\t<div class=\"stivo-card-icon\"><svg xmlns=\"http:\/\/www.w3.org\/2000\/svg\" width=\"24\" height=\"24\" viewBox=\"0 0 24 24\" fill=\"none\" stroke=\"currentColor\" stroke-width=\"2\" stroke-linecap=\"round\" stroke-linejoin=\"round\"><path d=\"M15 2H6a2 2 0 0 0-2 2v16a2 2 0 0 0 2 2h12a2 2 0 0 0 2-2V7Z\"\/><path d=\"M14 2v4a2 2 0 0 0 2 2h4\"\/><path d=\"M10 9H8\"\/><path d=\"M16 13H8\"\/><path d=\"M16 17H8\"\/><\/svg><\/div>\n\t\t\t\t\t\t\t<h3 class=\"stivo-card-title\">Portfolio Photographe<\/h3>\n\t\t\t\t\t\t\t<p class=\"stivo-card-description\">Galerie photo avec filtres, lightbox et optimisation d'images.<\/p>\n\t\t\t\t\t\t\t\n\t\t\t\t\t\t\t\t\t\t\t\t\t\t\t<div class=\"stivo-card-tags\">\n\t\t\t\t\t\t\t\t\t\t\t\t\t\t\t\t\t\t\t<span class=\"stivo-tag\">HTML\/CSS<\/span>\n\t\t\t\t\t\t\t\t\t\t\t\t\t\t\t\t\t\t\t<span class=\"stivo-tag\">JavaScript<\/span>\n\t\t\t\t\t\t\t\t\t\t\t\t\t\t\t\t\t\t\t<span class=\"stivo-tag\">Cloudinary<\/span>\n\t\t\t\t\t\t\t\t\t\t\t\t\t\t\t\t\t<\/div>\n\t\t\t\t\t\t\t\t\t\t\t\t\t\t\n\t\t\t\t\t\t\t<a class=\"stivo-card-link\" href=\"#\">\n\t\t\t\t\t\t\t\tVoir le PDF <svg xmlns=\"http:\/\/www.w3.org\/2000\/svg\" width=\"16\" height=\"16\" viewBox=\"0 0 24 24\" fill=\"none\" stroke=\"currentColor\" stroke-width=\"2\" stroke-linecap=\"round\" stroke-linejoin=\"round\"><path d=\"M15 3h6v6\"\/><path d=\"M10 14 21 3\"\/><path d=\"M18 13v6a2 2 0 0 1-2 2H5a2 2 0 0 1-2-2V8a2 2 0 0 1 2-2h6\"\/><\/svg>\t\t\t\t\t\t\t<\/a>\n\t\t\t\t\t\t<\/div>\n\t\t\t\t\t\t\t\t\t<\/div>\n\t\t\t<\/main>\n\t\t<\/div>\n\t\t\t\t\t\t<\/div>\n\t\t\t\t<\/div>\n\t\t\t\t\t<\/div>\n\t\t\t\t<\/div>\n\t\t\t\t<\/div>\n\t\t","protected":false},"excerpt":{"rendered":"<p>Mes Projets Retrouvez ici l&#039;ensemble de mes r\u00e9alisations. Chaque projet est accompagn\u00e9 de sa documentation PDF compl\u00e8te. AP1-Cr\u00e9ation d\u2019un site web pour oceania ans le cadre du projet AP1, j\u2019ai r\u00e9alis\u00e9 un site web vitrine complet pour l\u2019entreprise Oceania afin d\u2019am\u00e9liorer sa visibilit\u00e9 en ligne et pr\u00e9senter clairement ses services.. WordPress Voir le PDF AP2 [&hellip;]<\/p>\n","protected":false},"author":1,"featured_media":0,"parent":0,"menu_order":0,"comment_status":"closed","ping_status":"closed","template":"","meta":{"footnotes":""},"class_list":["post-528","page","type-page","status-publish","hentry"],"_links":{"self":[{"href":"https:\/\/dorsainvils.btsinfo82.fr\/index.php\/wp-json\/wp\/v2\/pages\/528","targetHints":{"allow":["GET"]}}],"collection":[{"href":"https:\/\/dorsainvils.btsinfo82.fr\/index.php\/wp-json\/wp\/v2\/pages"}],"about":[{"href":"https:\/\/dorsainvils.btsinfo82.fr\/index.php\/wp-json\/wp\/v2\/types\/page"}],"author":[{"embeddable":true,"href":"https:\/\/dorsainvils.btsinfo82.fr\/index.php\/wp-json\/wp\/v2\/users\/1"}],"replies":[{"embeddable":true,"href":"https:\/\/dorsainvils.btsinfo82.fr\/index.php\/wp-json\/wp\/v2\/comments?post=528"}],"version-history":[{"count":16,"href":"https:\/\/dorsainvils.btsinfo82.fr\/index.php\/wp-json\/wp\/v2\/pages\/528\/revisions"}],"predecessor-version":[{"id":557,"href":"https:\/\/dorsainvils.btsinfo82.fr\/index.php\/wp-json\/wp\/v2\/pages\/528\/revisions\/557"}],"wp:attachment":[{"href":"https:\/\/dorsainvils.btsinfo82.fr\/index.php\/wp-json\/wp\/v2\/media?parent=528"}],"curies":[{"name":"wp","href":"https:\/\/api.w.org\/{rel}","templated":true}]}}